{"id":391,"date":"2024-12-09T01:36:32","date_gmt":"2024-12-08T23:36:32","guid":{"rendered":"https:\/\/www.gpsystems.lv\/en\/?page_id=391"},"modified":"2025-01-24T20:10:26","modified_gmt":"2025-01-24T18:10:26","slug":"contact-us","status":"publish","type":"page","link":"https:\/\/www.gpsystems.lv\/en\/about-the-company\/contact-us\/","title":{"rendered":"Contact Us"},"content":{"rendered":"\n<div style=\"height:20px\" aria-hidden=\"true\" class=\"wp-block-spacer\"><\/div>\n\n\n\n<div class=\"wp-block-columns aw-column-gap-5 is-layout-flex wp-container-core-columns-is-layout-9d6595d7 wp-block-columns-is-layout-flex\">\n<div class=\"wp-block-column is-layout-flow wp-block-column-is-layout-flow\">\n<h3 class=\"wp-block-heading\">Legal details<\/h3>\n\n\n\n<div class=\"wp-block-group aw-row-gap-0 is-layout-grid wp-container-core-group-is-layout-baef362d wp-block-group-is-layout-grid\">\n<p><\/p>\n\n\n\n<p><strong>SIA &#8220;GP Systems&#8221;<\/strong><\/p>\n\n\n\n<p class=\"has-aw-secondary-text-color has-text-color has-link-color wp-elements-2e3239f7af35649eda2b581c8a2dfe22\" style=\"padding-top:0px;padding-bottom:0px\">Registration No.<\/p>\n\n\n\n<p style=\"padding-top:0px;padding-bottom:0px\">40003760328<\/p>\n\n\n\n<p class=\"has-aw-secondary-text-color has-text-color has-link-color wp-elements-8ea2c97cfd48118b8353414dcbcecb91\" style=\"padding-top:0px;padding-bottom:0px\">VAT reg. No.<\/p>\n\n\n\n<p style=\"padding-top:0px;padding-bottom:0px\">LV40003760328<\/p>\n\n\n\n<p class=\"has-aw-secondary-text-color has-text-color has-link-color wp-elements-72669764ad6f992361ad06c3912e8150 wp-container-content-5e2576f9\">Legal, postal address<\/p>\n\n\n\n<p>Api\u0146u iela 7, Krustkalni, \u0136ekavas pagasts, \u0136ekavas novads, LV-2111<\/p>\n\n\n\n<p class=\"has-aw-secondary-text-color has-text-color has-link-color wp-elements-e81145f2ff201b361629315131d5a24d\">Construction merchant No.<\/p>\n\n\n\n<p>8998-R<\/p>\n<\/div>\n<\/div>\n\n\n\n<div class=\"wp-block-column is-layout-flow wp-block-column-is-layout-flow\">\n<h3 class=\"wp-block-heading\">Contact details<\/h3>\n\n\n\n<div class=\"wp-block-group aw-row-gap-0 is-layout-grid wp-container-core-group-is-layout-baef362d wp-block-group-is-layout-grid\">\n<p class=\"has-aw-secondary-text-color has-text-color has-link-color wp-elements-c9136ff008c120528e6f73e44d4fa920\">E-mail<\/p>\n\n\n\n<p><a href=\"mailto:info@gpsystems.lv\">info@gpsystems.lv<\/a><\/p>\n\n\n\n<p class=\"has-aw-secondary-text-color has-text-color has-link-color wp-elements-577f1f14d0321c6d9991c708c6776793\" style=\"padding-top:0px;padding-bottom:0px\">Phone<\/p>\n\n\n\n<p style=\"padding-top:0px;padding-bottom:0px\"><a href=\"tel:37127097338\">+371 27 097 338<\/a><\/p>\n<\/div>\n\n\n\n<div style=\"height:20px\" aria-hidden=\"true\" class=\"wp-block-spacer\"><\/div>\n\n\n\n<h3 class=\"wp-block-heading\">For inquiries about solar panels<\/h3>\n\n\n\n<div class=\"wp-block-group aw-row-gap-0 is-layout-grid wp-container-core-group-is-layout-baef362d wp-block-group-is-layout-grid\">\n<p class=\"has-aw-secondary-text-color has-text-color has-link-color wp-elements-c9136ff008c120528e6f73e44d4fa920\">E-mail<\/p>\n\n\n\n<p><a href=\"mailto:saulespaneli@gpsystems.lv\">saulespaneli@gpsystems.lv<\/a><\/p>\n\n\n\n<p class=\"has-aw-secondary-text-color has-text-color has-link-color wp-elements-577f1f14d0321c6d9991c708c6776793\" style=\"padding-top:0px;padding-bottom:0px\">Phone<\/p>\n\n\n\n<p style=\"padding-top:0px;padding-bottom:0px\"><a href=\"tel:37127097338\">+371 27 097 338<\/a><\/p>\n<\/div>\n<\/div>\n<\/div>\n\n\n\n<div style=\"height:20px\" aria-hidden=\"true\" class=\"wp-block-spacer\"><\/div>\n\n\n\n<div class=\"wp-block-columns aw-column-gap-5 is-layout-flex wp-container-core-columns-is-layout-9d6595d7 wp-block-columns-is-layout-flex\">\n<div class=\"wp-block-column is-layout-flow wp-block-column-is-layout-flow\">\n<h3 class=\"wp-block-heading\">Bank details<\/h3>\n\n\n\n<div class=\"wp-block-group aw-row-gap-0 is-layout-grid wp-container-core-group-is-layout-baef362d wp-block-group-is-layout-grid\">\n<p><\/p>\n\n\n\n<p><strong>AS &#8220;SEB banka&#8221;<\/strong><\/p>\n\n\n\n<p class=\"has-aw-secondary-text-color has-text-color has-link-color wp-elements-1cb09cbb604c599f7eee1fb9a2d51d05\" style=\"padding-top:0px;padding-bottom:0px\">SWIFT (BIC) code<\/p>\n\n\n\n<p style=\"padding-top:0px;padding-bottom:0px\">UNLALV2X<\/p>\n\n\n\n<p class=\"has-aw-secondary-text-color has-text-color has-link-color wp-elements-5e9c327a4a206b829b15039db4468708\" style=\"padding-top:0px;padding-bottom:0px\">IBAN<\/p>\n\n\n\n<p style=\"padding-top:0px;padding-bottom:0px\">LV97UNLA0055002769158<\/p>\n\n\n\n<p><\/p>\n\n\n\n<p><strong>AS &#8220;Swedbank&#8221;<\/strong><\/p>\n\n\n\n<p class=\"has-aw-secondary-text-color has-text-color has-link-color wp-elements-07ec1f909f75c75affdfbc10b2122f24\" style=\"padding-top:0px;padding-bottom:0px\">SWIFT (BIC) code<\/p>\n\n\n\n<p style=\"padding-top:0px;padding-bottom:0px\">HABALV22<\/p>\n\n\n\n<p class=\"has-aw-secondary-text-color has-text-color has-link-color wp-elements-939664b9b307cafd814e5a3ebb9333b2\" style=\"padding-top:0px;padding-bottom:0px\">IBAN<\/p>\n\n\n\n<p style=\"padding-top:0px;padding-bottom:0px\">LV42HABA0551052447937<\/p>\n<\/div>\n<\/div>\n\n\n\n<div class=\"wp-block-column is-layout-flow wp-block-column-is-layout-flow\">\n<h3 class=\"wp-block-heading\">Social networks<\/h3>\n\n\n\n<div class=\"wp-block-group aw-row-gap-0 is-layout-grid wp-container-core-group-is-layout-baef362d wp-block-group-is-layout-grid\">\n<p><strong>Instagram<\/strong><\/p>\n\n\n\n<p><a href=\"https:\/\/www.instagram.com\/gpsystems_\/\">gpsystems_<\/a><\/p>\n\n\n\n<p><strong>Facebook<\/strong><\/p>\n\n\n\n<p><a href=\"https:\/\/www.facebook.com\/GPsystems.lv\">GPsystems.lv<\/a><\/p>\n\n\n\n<p><strong>Linkedin<\/strong><\/p>\n\n\n\n<p class=\"wp-container-content-5e2576f9\"><a href=\"https:\/\/lv.linkedin.com\/company\/gp-systems-sia\">company\/gp-systems-sia<\/a><\/p>\n\n\n\n<p><strong>Tiktok<\/strong><\/p>\n\n\n\n<p><a href=\"https:\/\/www.tiktok.com\/@gp_systems\">@gp_systems<\/a><\/p>\n\n\n\n<p><strong>Youtube<\/strong><\/p>\n\n\n\n<p class=\"wp-container-content-5e2576f9\"><a href=\"https:\/\/www.youtube.com\/@gpsystems\">@gpsystems<\/a><\/p>\n<\/div>\n<\/div>\n<\/div>\n\n\n\n<div style=\"height:50px\" aria-hidden=\"true\" class=\"wp-block-spacer\"><\/div>\n\n\n\n<div class=\"wp-block-columns is-layout-flex wp-container-core-columns-is-layout-9d6595d7 wp-block-columns-is-layout-flex\">\n<div class=\"wp-block-column is-layout-flow wp-block-column-is-layout-flow\" style=\"flex-basis:760px\">\n<h3 class=\"wp-block-heading\" id=\"contact\">Contact Us<\/h3>\n\n\n\n<div class=\"wp-block-contact-form-7-contact-form-selector\">\n<div class=\"wpcf7 no-js\" id=\"wpcf7-f498-o1\" lang=\"en-US\" dir=\"ltr\" data-wpcf7-id=\"498\">\n<div class=\"screen-reader-response\"><p role=\"status\" aria-live=\"polite\" aria-atomic=\"true\"><\/p> <ul><\/ul><\/div>\n<form action=\"\/en\/wp-json\/wp\/v2\/pages\/391#wpcf7-f498-o1\" method=\"post\" class=\"wpcf7-form init\" aria-label=\"Contact form\" novalidate=\"novalidate\" data-status=\"init\">\n<div style=\"display: none;\">\n<input type=\"hidden\" name=\"_wpcf7\" value=\"498\" \/>\n<input type=\"hidden\" name=\"_wpcf7_version\" value=\"6.0.6\" \/>\n<input type=\"hidden\" name=\"_wpcf7_locale\" value=\"en_US\" \/>\n<input type=\"hidden\" name=\"_wpcf7_unit_tag\" value=\"wpcf7-f498-o1\" \/>\n<input type=\"hidden\" name=\"_wpcf7_container_post\" value=\"0\" \/>\n<input type=\"hidden\" name=\"_wpcf7_posted_data_hash\" value=\"\" \/>\n<\/div>\n<p><span class=\"wpcf7-form-control-wrap\" data-name=\"subject\"><input size=\"40\" maxlength=\"400\" class=\"wpcf7-form-control wpcf7-text aw-input\" aria-invalid=\"false\" placeholder=\"Subject\" value=\"\" type=\"text\" name=\"subject\" \/><\/span>\n<\/p>\n<p><span class=\"wpcf7-form-control-wrap\" data-name=\"contact-info\"><input size=\"40\" maxlength=\"400\" class=\"wpcf7-form-control wpcf7-text wpcf7-validates-as-required aw-input\" aria-required=\"true\" aria-invalid=\"false\" placeholder=\"Contact information\" value=\"\" type=\"text\" name=\"contact-info\" \/><\/span>\n<\/p>\n<p><span class=\"wpcf7-form-control-wrap\" data-name=\"your-message\"><textarea cols=\"40\" rows=\"3\" maxlength=\"2000\" class=\"wpcf7-form-control wpcf7-textarea aw-input\" aria-invalid=\"false\" placeholder=\"Message\" name=\"your-message\"><\/textarea><\/span>\n<\/p>\n<p><span class=\"wpcf7-form-control-wrap aw-url-field\" data-name=\"url\">\r\n\t<input size=\"40\" maxlength=\"400\" class=\"wpcf7-form-control wpcf7-text\" aria-invalid=\"false\" placeholder=\"Homepage\" value=\"\" type=\"text\" name=\"url\" id=\"your_url\">\r\n\t<\/span><input size=\"40\" maxlength=\"400\" class=\"wpcf7-form-control wpcf7-text wpcf7-validates-as-required\" aria-invalid=\"false\" value=\"e1c3b326db3cefed2c1d744b84e58035.qAyRzmAZTOjmGbdBdsu0xg6HbYlVz\" type=\"hidden\" name=\"token\" id=\"token\"><input size=\"40\" maxlength=\"400\" class=\"wpcf7-form-control wpcf7-text wpcf7-validates-as-required\" aria-invalid=\"false\" value=\"contact-info;acceptance\" type=\"hidden\" name=\"human\" id=\"human\"><span class=\"wpcf7-form-control-wrap\" data-name=\"acceptance\"><span class=\"wpcf7-form-control wpcf7-acceptance\"><span class=\"wpcf7-list-item\"><label><input type=\"checkbox\" name=\"acceptance\" value=\"1\" aria-invalid=\"false\" \/><span class=\"wpcf7-list-item-label\">I Agree, that my contact information is used to contact me.<\/span><\/label><\/span><\/span><\/span>\n<\/p>\n<p><input class=\"wpcf7-form-control wpcf7-submit has-spinner\" type=\"submit\" value=\"Send\" \/>\n<\/p><div class=\"wpcf7-response-output\" aria-hidden=\"true\"><\/div>\n<\/form>\n<\/div>\n<\/div>\n<\/div>\n<\/div>\n","protected":false},"excerpt":{"rendered":"<p>Legal details SIA &#8220;GP Systems&#8221; Registration No. 40003760328 VAT reg. No. LV40003760328 Legal, postal address Api\u0146u iela 7, Krustkalni, \u0136ekavas pagasts, \u0136ekavas novads, LV-2111 Construction merchant No. 8998-R Contact details E-mail info@gpsystems.lv Phone +371 27 097 338 For inquiries about solar panels E-mail saulespaneli@gpsystems.lv Phone +371 27 097 338 Bank details AS &#8220;SEB banka&#8221; SWIFT [&hellip;]<\/p>\n","protected":false},"author":1,"featured_media":0,"parent":62,"menu_order":60,"comment_status":"closed","ping_status":"closed","template":"","meta":{"footnotes":""},"position":[],"group":[],"class_list":["post-391","page","type-page","status-publish","hentry"],"_links":{"self":[{"href":"https:\/\/www.gpsystems.lv\/en\/wp-json\/wp\/v2\/pages\/391","targetHints":{"allow":["GET"]}}],"collection":[{"href":"https:\/\/www.gpsystems.lv\/en\/wp-json\/wp\/v2\/pages"}],"about":[{"href":"https:\/\/www.gpsystems.lv\/en\/wp-json\/wp\/v2\/types\/page"}],"author":[{"embeddable":true,"href":"https:\/\/www.gpsystems.lv\/en\/wp-json\/wp\/v2\/users\/1"}],"replies":[{"embeddable":true,"href":"https:\/\/www.gpsystems.lv\/en\/wp-json\/wp\/v2\/comments?post=391"}],"version-history":[{"count":14,"href":"https:\/\/www.gpsystems.lv\/en\/wp-json\/wp\/v2\/pages\/391\/revisions"}],"predecessor-version":[{"id":500,"href":"https:\/\/www.gpsystems.lv\/en\/wp-json\/wp\/v2\/pages\/391\/revisions\/500"}],"up":[{"embeddable":true,"href":"https:\/\/www.gpsystems.lv\/en\/wp-json\/wp\/v2\/pages\/62"}],"wp:attachment":[{"href":"https:\/\/www.gpsystems.lv\/en\/wp-json\/wp\/v2\/media?parent=391"}],"wp:term":[{"taxonomy":"position","embeddable":true,"href":"https:\/\/www.gpsystems.lv\/en\/wp-json\/wp\/v2\/position?post=391"},{"taxonomy":"group","embeddable":true,"href":"https:\/\/www.gpsystems.lv\/en\/wp-json\/wp\/v2\/group?post=391"}],"curies":[{"name":"wp","href":"https:\/\/api.w.org\/{rel}","templated":true}]}}