{"id":432,"date":"2024-12-23T20:56:27","date_gmt":"2024-12-23T18:56:27","guid":{"rendered":"https:\/\/www.gpsystems.lv\/ru\/?page_id=432"},"modified":"2025-01-25T00:13:45","modified_gmt":"2025-01-24T22:13:45","slug":"%d0%ba%d0%be%d0%bd%d1%82%d0%b0%d0%ba%d1%82%d1%8b","status":"publish","type":"page","link":"https:\/\/www.gpsystems.lv\/ru\/%d0%be-%d0%ba%d0%be%d0%bc%d0%bf%d0%b0%d0%bd%d0%b8%d0%b8\/%d0%ba%d0%be%d0%bd%d1%82%d0%b0%d0%ba%d1%82%d1%8b\/","title":{"rendered":"\u041a\u043e\u043d\u0442\u0430\u043a\u0442\u044b"},"content":{"rendered":"\n<div style=\"height:20px\" aria-hidden=\"true\" class=\"wp-block-spacer\"><\/div>\n\n\n\n<div class=\"wp-block-columns aw-column-gap-5 is-layout-flex wp-container-core-columns-is-layout-9d6595d7 wp-block-columns-is-layout-flex\">\n<div class=\"wp-block-column is-layout-flow wp-block-column-is-layout-flow\">\n<h3 class=\"wp-block-heading\">\u0420\u0435\u043a\u0432\u0438\u0437\u0438\u0442\u044b<\/h3>\n\n\n\n<div class=\"wp-block-group aw-row-gap-0 is-layout-grid wp-container-core-group-is-layout-baef362d wp-block-group-is-layout-grid\">\n<p><\/p>\n\n\n\n<p><strong>SIA &#171;GP Systems&#187;<\/strong><\/p>\n\n\n\n<p class=\"has-aw-secondary-text-color has-text-color has-link-color wp-elements-f2b7c38ec87e858de748688b02ec11d3\" style=\"padding-top:0px;padding-bottom:0px\">\u0420\u0435\u0433\u0438\u0441\u0442\u0440\u0430\u0446\u0438\u043e\u043d\u043d\u044b\u0439 \u043d\u043e.<\/p>\n\n\n\n<p style=\"padding-top:0px;padding-bottom:0px\">40003760328<\/p>\n\n\n\n<p class=\"has-aw-secondary-text-color has-text-color has-link-color wp-elements-33e048ce47eaf5e1d5713b22920100a3\" style=\"padding-top:0px;padding-bottom:0px\">\u041d\u043e\u043c\u0435\u0440 \u041d\u0414\u0421<\/p>\n\n\n\n<p class=\"wp-container-content-5e2576f9\" style=\"padding-top:0px;padding-bottom:0px\">LV40003760328<\/p>\n\n\n\n<p class=\"has-aw-secondary-text-color has-text-color has-link-color wp-elements-a3a9dc70b55c369f8f24b51767c6c4cf\">\u042e\u0440\u0438\u0434\u0438\u0447\u0435\u0441\u043a\u0438\u0439, \u043f\u043e\u0447\u0442\u043e\u0432\u044b\u0439 \u0430\u0434\u0440\u0435\u0441<\/p>\n\n\n\n<p class=\"wp-container-content-5e2576f9\">Api\u0146u iela 7, Krustkalni, \u0136ekavas pagasts, \u0136ekavas novads, LV-2111<\/p>\n\n\n\n<p class=\"has-aw-secondary-text-color has-text-color has-link-color wp-elements-3cca06fdfe529a7716c4acad5d8b977b\">\u041d\u043e\u043c\u0435\u0440 \u0441\u0442\u0440\u043e\u0439\u043a\u043e\u043c\u043c\u0435\u0440\u0441\u0430\u043d\u0442\u0430<\/p>\n\n\n\n<p class=\"wp-container-content-5e2576f9\">8998-R<\/p>\n<\/div>\n<\/div>\n\n\n\n<div class=\"wp-block-column is-layout-flow wp-block-column-is-layout-flow\">\n<h3 class=\"wp-block-heading\">\u0414\u043b\u044f \u0441\u0432\u044f\u0437\u0438<\/h3>\n\n\n\n<div class=\"wp-block-group aw-row-gap-0 is-layout-grid wp-container-core-group-is-layout-baef362d wp-block-group-is-layout-grid\">\n<p class=\"has-aw-secondary-text-color has-text-color has-link-color wp-elements-a974149f87a4ab69556707417b6593dc\">\u042d\u043b\u0435\u043a\u0442\u0440\u043e\u043d\u043d\u0430\u044f \u043f\u043e\u0447\u0442\u0430<\/p>\n\n\n\n<p><a href=\"mailto:info@gpsystems.lv\">info@gpsystems.lv<\/a><\/p>\n\n\n\n<p class=\"has-aw-secondary-text-color has-text-color has-link-color wp-elements-24b6a2acfa22cafca2a87bf1ed3d9788\" style=\"padding-top:0px;padding-bottom:0px\">\u0422\u0435\u043b\u0435\u0444\u043e\u043d<\/p>\n\n\n\n<p style=\"padding-top:0px;padding-bottom:0px\"><a href=\"tel:37127097338\">+371 27 097 338<\/a><\/p>\n<\/div>\n\n\n\n<div style=\"height:20px\" aria-hidden=\"true\" class=\"wp-block-spacer\"><\/div>\n\n\n\n<h3 class=\"wp-block-heading\">\u041f\u043e \u0432\u043e\u043f\u0440\u043e\u0441\u0430\u043c \u0441\u043e\u043b\u043d\u0435\u0447\u043d\u044b\u0445 \u043f\u0430\u043d\u0435\u043b\u0435\u0439<\/h3>\n\n\n\n<div class=\"wp-block-group aw-row-gap-0 is-layout-grid wp-container-core-group-is-layout-baef362d wp-block-group-is-layout-grid\">\n<p class=\"has-aw-secondary-text-color has-text-color has-link-color wp-elements-a974149f87a4ab69556707417b6593dc\">\u042d\u043b\u0435\u043a\u0442\u0440\u043e\u043d\u043d\u0430\u044f \u043f\u043e\u0447\u0442\u0430<\/p>\n\n\n\n<p><a href=\"mailto:info@gpsystems.lv\"><\/a><a href=\"mailto:saulespaneli@gpsystems.lv\">saulespaneli@gpsystems.lv<\/a><\/p>\n\n\n\n<p class=\"has-aw-secondary-text-color has-text-color has-link-color wp-elements-24b6a2acfa22cafca2a87bf1ed3d9788\" style=\"padding-top:0px;padding-bottom:0px\">\u0422\u0435\u043b\u0435\u0444\u043e\u043d<\/p>\n\n\n\n<p style=\"padding-top:0px;padding-bottom:0px\"><a href=\"tel:37127097338\"><\/a><a href=\"tel:37127097338\">+371 27 097 338<\/a><\/p>\n<\/div>\n<\/div>\n<\/div>\n\n\n\n<div style=\"height:20px\" aria-hidden=\"true\" class=\"wp-block-spacer\"><\/div>\n\n\n\n<div class=\"wp-block-columns aw-column-gap-5 is-layout-flex wp-container-core-columns-is-layout-9d6595d7 wp-block-columns-is-layout-flex\">\n<div class=\"wp-block-column is-layout-flow wp-block-column-is-layout-flow\">\n<h3 class=\"wp-block-heading\">\u0420\u0430\u0441\u0447\u0435\u0442\u043d\u0430\u044f \u0438\u043d\u0444\u043e\u0440\u043c\u0430\u0446\u0438\u044f<\/h3>\n\n\n\n<div class=\"wp-block-group aw-row-gap-0 is-layout-grid wp-container-core-group-is-layout-baef362d wp-block-group-is-layout-grid\">\n<p><\/p>\n\n\n\n<p><strong>AS &#171;SEB banka&#187;<\/strong><\/p>\n\n\n\n<p class=\"has-aw-secondary-text-color has-text-color has-link-color wp-elements-dc036dfdbc92ea307d5402da680fc8ba\" style=\"padding-top:0px;padding-bottom:0px\">\u041a\u043e\u0434 SWIFT (BIC)<\/p>\n\n\n\n<p style=\"padding-top:0px;padding-bottom:0px\">UNLALV2X<\/p>\n\n\n\n<p class=\"has-aw-secondary-text-color has-text-color has-link-color wp-elements-176dcc113e745be561f1422a8909e788\" style=\"padding-top:0px;padding-bottom:0px\">\u041d\u043e\u043c\u0435\u0440 \u0441\u0447\u0435\u0442\u0430<\/p>\n\n\n\n<p style=\"padding-top:0px;padding-bottom:0px\">V97UNLA0055002769158<\/p>\n\n\n\n<p><\/p>\n\n\n\n<p><strong>AS &#171;Swedbank&#187;<\/strong><\/p>\n\n\n\n<p class=\"has-aw-secondary-text-color has-text-color has-link-color wp-elements-dc036dfdbc92ea307d5402da680fc8ba\" style=\"padding-top:0px;padding-bottom:0px\">\u041a\u043e\u0434 SWIFT (BIC)<\/p>\n\n\n\n<p style=\"padding-top:0px;padding-bottom:0px\">HABALV22<\/p>\n\n\n\n<p class=\"has-aw-secondary-text-color has-text-color has-link-color wp-elements-fcccb23a96818eba8a33acfc250ba0c7\" style=\"padding-top:0px;padding-bottom:0px\">\u041d\u043e\u043c\u0435\u0440 \u0441\u0447\u0435\u0442\u0430<\/p>\n\n\n\n<p style=\"padding-top:0px;padding-bottom:0px\">LV42HABA0551052447937<\/p>\n<\/div>\n<\/div>\n\n\n\n<div class=\"wp-block-column is-layout-flow wp-block-column-is-layout-flow\">\n<h3 class=\"wp-block-heading\">\u0412 \u0441\u043e\u0446\u0438\u0430\u043b\u044c\u043d\u044b\u0445 \u0441\u0435\u0442\u044f\u0445<\/h3>\n\n\n\n<div class=\"wp-block-group aw-row-gap-0 is-layout-grid wp-container-core-group-is-layout-baef362d wp-block-group-is-layout-grid\">\n<p><strong>Instagram<\/strong><\/p>\n\n\n\n<p><a href=\"https:\/\/www.instagram.com\/gpsystems_\/\">gpsystems_<\/a><\/p>\n\n\n\n<p><strong>Facebook<\/strong><\/p>\n\n\n\n<p><a href=\"https:\/\/www.facebook.com\/GPsystems.lv\">GPsystems.lv<\/a><\/p>\n\n\n\n<p class=\"wp-container-content-5e2576f9\"><strong>Linkedin<\/strong><\/p>\n\n\n\n<p><a href=\"https:\/\/lv.linkedin.com\/company\/gp-systems-sia\">company\/gp-systems-sia<\/a><\/p>\n\n\n\n<p><strong>Tiktok<\/strong><\/p>\n\n\n\n<p><a href=\"https:\/\/www.tiktok.com\/@gp_systems\">@gp_systems<\/a><\/p>\n\n\n\n<p><strong>Youtube<\/strong><\/p>\n\n\n\n<p><a href=\"https:\/\/www.youtube.com\/@gpsystems\">@gpsystems<\/a><\/p>\n<\/div>\n<\/div>\n<\/div>\n\n\n\n<div style=\"height:50px\" aria-hidden=\"true\" class=\"wp-block-spacer\"><\/div>\n\n\n\n<div class=\"wp-block-columns is-layout-flex wp-container-core-columns-is-layout-9d6595d7 wp-block-columns-is-layout-flex\">\n<div class=\"wp-block-column is-layout-flow wp-block-column-is-layout-flow\" style=\"flex-basis:760px\">\n<h3 class=\"wp-block-heading\" id=\"contact\">\u0421\u0432\u044f\u0437\u0430\u0442\u044c\u0441\u044f<\/h3>\n\n\n\n<div class=\"wp-block-contact-form-7-contact-form-selector\">\n<div class=\"wpcf7 no-js\" id=\"wpcf7-f453-o1\" lang=\"en-US\" dir=\"ltr\" data-wpcf7-id=\"453\">\n<div class=\"screen-reader-response\"><p role=\"status\" aria-live=\"polite\" aria-atomic=\"true\"><\/p> <ul><\/ul><\/div>\n<form action=\"\/ru\/wp-json\/wp\/v2\/pages\/432#wpcf7-f453-o1\" method=\"post\" class=\"wpcf7-form init\" aria-label=\"Contact form\" novalidate=\"novalidate\" data-status=\"init\">\n<div style=\"display: none;\">\n<input type=\"hidden\" name=\"_wpcf7\" value=\"453\" \/>\n<input type=\"hidden\" name=\"_wpcf7_version\" value=\"6.0.6\" \/>\n<input type=\"hidden\" name=\"_wpcf7_locale\" value=\"en_US\" \/>\n<input type=\"hidden\" name=\"_wpcf7_unit_tag\" value=\"wpcf7-f453-o1\" \/>\n<input type=\"hidden\" name=\"_wpcf7_container_post\" value=\"0\" \/>\n<input type=\"hidden\" name=\"_wpcf7_posted_data_hash\" value=\"\" \/>\n<\/div>\n<p><span class=\"wpcf7-form-control-wrap\" data-name=\"subject\"><input size=\"40\" maxlength=\"400\" class=\"wpcf7-form-control wpcf7-text aw-input\" aria-invalid=\"false\" placeholder=\"\u0422\u0435\u043c\u0430\" value=\"\" type=\"text\" name=\"subject\" \/><\/span>\n<\/p>\n<p><span class=\"wpcf7-form-control-wrap\" data-name=\"contact-info\"><input size=\"40\" maxlength=\"400\" class=\"wpcf7-form-control wpcf7-text wpcf7-validates-as-required aw-input\" aria-required=\"true\" aria-invalid=\"false\" placeholder=\"\u041a\u043e\u043d\u0442\u0430\u043a\u0442\u043d\u0430\u044f \u0438\u043d\u0444\u043e\u0440\u043c\u0430\u0446\u0438\u044f\" value=\"\" type=\"text\" name=\"contact-info\" \/><\/span>\n<\/p>\n<p><span class=\"wpcf7-form-control-wrap\" data-name=\"your-message\"><textarea cols=\"40\" rows=\"3\" maxlength=\"2000\" class=\"wpcf7-form-control wpcf7-textarea aw-input\" aria-invalid=\"false\" placeholder=\"\u0421\u043e\u043e\u0431\u0449\u0435\u043d\u0438\u0435\" name=\"your-message\"><\/textarea><\/span>\n<\/p>\n<p><span class=\"wpcf7-form-control-wrap aw-url-field\" data-name=\"url\">\r\n\t<input size=\"40\" maxlength=\"400\" class=\"wpcf7-form-control wpcf7-text\" aria-invalid=\"false\" placeholder=\"Homepage\" value=\"\" type=\"text\" name=\"url\" id=\"your_url\">\r\n\t<\/span><input size=\"40\" maxlength=\"400\" class=\"wpcf7-form-control wpcf7-text wpcf7-validates-as-required\" aria-invalid=\"false\" value=\"afff7e878c07be24338344b40831a3a7.tv3ZW8eIinKwNkaMiLoTNjTGWR44h\" type=\"hidden\" name=\"token\" id=\"token\"><input size=\"40\" maxlength=\"400\" class=\"wpcf7-form-control wpcf7-text wpcf7-validates-as-required\" aria-invalid=\"false\" value=\"contact-info;acceptance\" type=\"hidden\" name=\"human\" id=\"human\"><span class=\"wpcf7-form-control-wrap\" data-name=\"acceptance\"><span class=\"wpcf7-form-control wpcf7-acceptance\"><span class=\"wpcf7-list-item\"><label><input type=\"checkbox\" name=\"acceptance\" value=\"1\" aria-invalid=\"false\" \/><span class=\"wpcf7-list-item-label\">\u0421\u043e\u0433\u043b\u0430\u0441\u0435\u043d, \u0447\u0442\u043e \u043c\u043e\u044f \u043a\u043e\u043d\u0442\u0430\u043a\u0442\u043d\u0430\u044f \u0438\u043d\u0444\u043e\u0440\u043c\u0430\u0446\u0438\u044f \u0438\u0441\u043f\u043e\u043b\u044c\u0437\u0443\u0435\u0442\u0441\u044f, \u0447\u0442\u043e\u0431\u044b \u0441\u0432\u044f\u0437\u0430\u0442\u044c\u0441\u044f \u0441\u043e \u043c\u043d\u043e\u0439.<\/span><\/label><\/span><\/span><\/span>\n<\/p>\n<p><input class=\"wpcf7-form-control wpcf7-submit has-spinner\" type=\"submit\" value=\"\u041e\u0442\u043f\u0440\u0430\u0432\u0438\u0442\u044c\" \/>\n<\/p><div class=\"wpcf7-response-output\" aria-hidden=\"true\"><\/div>\n<\/form>\n<\/div>\n<\/div>\n<\/div>\n<\/div>\n","protected":false},"excerpt":{"rendered":"<p>\u0420\u0435\u043a\u0432\u0438\u0437\u0438\u0442\u044b SIA &#171;GP Systems&#187; \u0420\u0435\u0433\u0438\u0441\u0442\u0440\u0430\u0446\u0438\u043e\u043d\u043d\u044b\u0439 \u043d\u043e. 40003760328 \u041d\u043e\u043c\u0435\u0440 \u041d\u0414\u0421 LV40003760328 \u042e\u0440\u0438\u0434\u0438\u0447\u0435\u0441\u043a\u0438\u0439, \u043f\u043e\u0447\u0442\u043e\u0432\u044b\u0439 \u0430\u0434\u0440\u0435\u0441 Api\u0146u iela 7, Krustkalni, \u0136ekavas pagasts, \u0136ekavas novads, LV-2111 \u041d\u043e\u043c\u0435\u0440 \u0441\u0442\u0440\u043e\u0439\u043a\u043e\u043c\u043c\u0435\u0440\u0441\u0430\u043d\u0442\u0430 8998-R \u0414\u043b\u044f \u0441\u0432\u044f\u0437\u0438 \u042d\u043b\u0435\u043a\u0442\u0440\u043e\u043d\u043d\u0430\u044f \u043f\u043e\u0447\u0442\u0430 info@gpsystems.lv \u0422\u0435\u043b\u0435\u0444\u043e\u043d +371 27 097 338 \u041f\u043e \u0432\u043e\u043f\u0440\u043e\u0441\u0430\u043c \u0441\u043e\u043b\u043d\u0435\u0447\u043d\u044b\u0445 \u043f\u0430\u043d\u0435\u043b\u0435\u0439 \u042d\u043b\u0435\u043a\u0442\u0440\u043e\u043d\u043d\u0430\u044f \u043f\u043e\u0447\u0442\u0430 saulespaneli@gpsystems.lv \u0422\u0435\u043b\u0435\u0444\u043e\u043d +371 27 097 338 \u0420\u0430\u0441\u0447\u0435\u0442\u043d\u0430\u044f \u0438\u043d\u0444\u043e\u0440\u043c\u0430\u0446\u0438\u044f AS &#171;SEB banka&#187; \u041a\u043e\u0434 SWIFT (BIC) [&hellip;]<\/p>\n","protected":false},"author":1,"featured_media":0,"parent":65,"menu_order":60,"comment_status":"closed","ping_status":"closed","template":"","meta":{"footnotes":""},"position":[],"group":[],"class_list":["post-432","page","type-page","status-publish","hentry"],"_links":{"self":[{"href":"https:\/\/www.gpsystems.lv\/ru\/wp-json\/wp\/v2\/pages\/432","targetHints":{"allow":["GET"]}}],"collection":[{"href":"https:\/\/www.gpsystems.lv\/ru\/wp-json\/wp\/v2\/pages"}],"about":[{"href":"https:\/\/www.gpsystems.lv\/ru\/wp-json\/wp\/v2\/types\/page"}],"author":[{"embeddable":true,"href":"https:\/\/www.gpsystems.lv\/ru\/wp-json\/wp\/v2\/users\/1"}],"replies":[{"embeddable":true,"href":"https:\/\/www.gpsystems.lv\/ru\/wp-json\/wp\/v2\/comments?post=432"}],"version-history":[{"count":10,"href":"https:\/\/www.gpsystems.lv\/ru\/wp-json\/wp\/v2\/pages\/432\/revisions"}],"predecessor-version":[{"id":456,"href":"https:\/\/www.gpsystems.lv\/ru\/wp-json\/wp\/v2\/pages\/432\/revisions\/456"}],"up":[{"embeddable":true,"href":"https:\/\/www.gpsystems.lv\/ru\/wp-json\/wp\/v2\/pages\/65"}],"wp:attachment":[{"href":"https:\/\/www.gpsystems.lv\/ru\/wp-json\/wp\/v2\/media?parent=432"}],"wp:term":[{"taxonomy":"position","embeddable":true,"href":"https:\/\/www.gpsystems.lv\/ru\/wp-json\/wp\/v2\/position?post=432"},{"taxonomy":"group","embeddable":true,"href":"https:\/\/www.gpsystems.lv\/ru\/wp-json\/wp\/v2\/group?post=432"}],"curies":[{"name":"wp","href":"https:\/\/api.w.org\/{rel}","templated":true}]}}